{"id":15,"date":"2024-03-22T12:32:07","date_gmt":"2024-03-22T12:32:07","guid":{"rendered":"https:\/\/dummy.xtemos.com\/woodmart2\/pills-elementor\/?page_id=15"},"modified":"2026-03-29T04:54:33","modified_gmt":"2026-03-29T10:54:33","slug":"fundacion","status":"publish","type":"page","link":"https:\/\/tamaravega.mx\/en\/fundacion\/","title":{"rendered":"Fundaci\u00f3n Tamara Vega"},"content":{"rendered":"<div data-elementor-type=\"wp-page\" data-elementor-id=\"15\" class=\"elementor elementor-15\" data-elementor-post-type=\"page\">\n\t\t\t\t<div class=\"elementor-element elementor-element-4a5f32b e-con-full e-flex e-con e-parent\" data-id=\"4a5f32b\" data-element_type=\"container\" data-e-type=\"container\">\n\t\t<div class=\"elementor-element elementor-element-8939698 e-con-full e-flex e-con e-child\" data-id=\"8939698\" data-element_type=\"container\" data-e-type=\"container\">\n\t\t\t\t<div class=\"elementor-element elementor-element-249cb4c wd-width-100 elementor-widget elementor-widget-wd_title\" data-id=\"249cb4c\" data-element_type=\"widget\" data-e-type=\"widget\" data-widget_type=\"wd_title.default\">\n\t\t\t\t<div class=\"elementor-widget-container\">\n\t\t\t\t\t\t\t<div class=\"title-wrapper wd-set-mb reset-last-child wd-title-color-default wd-title-style-default wd-title-size-default text-left\">\n\n\t\t\t\n\t\t\t<div class=\"liner-continer\">\n\t\t\t\t<h1 class=\"woodmart-title-container title wd-fontsize-l wd-underline-colored\">Fundaci\u00f3n<br> <u>Tamara Vega<\/u><\/h1> \n\t\t\t\t\t\t\t<\/div>\n\n\t\t\t\t\t<\/div>\n\t\t\t\t\t\t<\/div>\n\t\t\t\t<\/div>\n\t\t\t\t<\/div>\n\t\t<div class=\"elementor-element elementor-element-05fa8d8 e-con-full e-flex e-con e-child\" data-id=\"05fa8d8\" data-element_type=\"container\" data-e-type=\"container\">\n\t\t\t\t<div class=\"elementor-element elementor-element-a76f08e elementor-widget__width-inherit color-scheme-inherit text-left elementor-widget elementor-widget-text-editor\" data-id=\"a76f08e\" data-element_type=\"widget\" data-e-type=\"widget\" data-widget_type=\"text-editor.default\">\n\t\t\t\t\t\t\t\t\t<p class=\"p1\">La Fundaci\u00f3n Tamara Vega es una <strong>asociaci\u00f3n sin fines de lucro<\/strong> creada por y para atletas, con la visi\u00f3n de construir un <strong>deporte sano, digno y seguro, donde el bienestar integral de las <\/strong><strong>personas<\/strong> que participan sea una prioridad. Surge del compromiso de contribuir al desarrollo del deporte desde una perspectiva humana, educativa y sostenible, reconociendo que el deporte puede ser una herramienta poderosa para el crecimiento personal y comunitario.<\/p>\t\t\t\t\t\t\t\t<\/div>\n\t\t\t\t<\/div>\n\t\t\t\t<\/div>\n\t\t<div class=\"wd-negative-gap elementor-element elementor-element-ff666a9 e-flex e-con-boxed e-con e-parent\" data-id=\"ff666a9\" data-element_type=\"container\" data-e-type=\"container\">\n\t\t\t\t\t<div class=\"e-con-inner\">\n\t\t\t\t<div class=\"elementor-element elementor-element-aee39c7 wd-width-100 elementor-widget elementor-widget-wd_video\" data-id=\"aee39c7\" data-element_type=\"widget\" data-e-type=\"widget\" data-widget_type=\"wd_video.default\">\n\t\t\t\t<div class=\"elementor-widget-container\">\n\t\t\t\t\t\n\t\t<div class=\"wd-el-video wd-action-without wd-video-youtube\">\n\t\t\t\t\t\t\t<iframe src=\"https:\/\/www.youtube.com\/embed\/--qvdgK95-Y?feature=oembed&loop=0&mute=1&controls=1&autoplay=1\" allowfullscreen allow=\"accelerometer; autoplay; encrypted-media; gyroscope; picture-in-picture\" width=\"100%\" height=\"100%\" loading=\"lazy\" aria-label=\"Video player\"><\/iframe>\t\t\t\n\t\t\t\n\t\t\t\n\t\t\t\t\t<\/div>\n\t\t\t\t\t\t<\/div>\n\t\t\t\t<\/div>\n\t\t\t\t\t<\/div>\n\t\t\t\t<\/div>\n\t\t<div class=\"wd-negative-gap elementor-element elementor-element-0e49826 wd-section-stretch e-flex e-con-boxed e-con e-parent\" data-id=\"0e49826\" data-element_type=\"container\" data-e-type=\"container\" data-settings=\"{&quot;background_background&quot;:&quot;gradient&quot;}\">\n\t\t\t\t\t<div class=\"e-con-inner\">\n\t\t\t\t<div class=\"elementor-element elementor-element-6606299 wd-width-100 elementor-widget elementor-widget-wd_title\" data-id=\"6606299\" data-element_type=\"widget\" data-e-type=\"widget\" data-widget_type=\"wd_title.default\">\n\t\t\t\t<div class=\"elementor-widget-container\">\n\t\t\t\t\t\t\t<div class=\"title-wrapper wd-set-mb reset-last-child wd-title-color-default wd-title-style-default wd-title-size-default text-center\">\n\n\t\t\t\n\t\t\t<div class=\"liner-continer\">\n\t\t\t\t<h1 class=\"woodmart-title-container title wd-fontsize-l wd-underline-colored\">Nuestra Labor<\/h1> \n\t\t\t\t\t\t\t<\/div>\n\n\t\t\t\t\t<\/div>\n\t\t\t\t\t\t<\/div>\n\t\t\t\t<\/div>\n\t\t\t\t<div class=\"elementor-element elementor-element-4104c5c elementor-widget__width-initial color-scheme-inherit text-left elementor-widget elementor-widget-text-editor\" data-id=\"4104c5c\" data-element_type=\"widget\" data-e-type=\"widget\" data-widget_type=\"text-editor.default\">\n\t\t\t\t\t\t\t\t\t<p class=\"p1\">Se orienta a la educaci\u00f3n, el acompa\u00f1amiento y el apoyo econ\u00f3mico de atletas, clubes y proyectos deportivos en formaci\u00f3n. A trav\u00e9s de programas de capacitaci\u00f3n, talleres, asesor\u00eda y recursos destinados a fortalecer capacidades, la fundaci\u00f3n impulsa procesos de aprendizaje, prevenci\u00f3n y desarrollo que favorecen la inclusi\u00f3n, la resiliencia y la dignidad de quienes se forman en el deporte.<\/p>\t\t\t\t\t\t\t\t<\/div>\n\t\t<div class=\"elementor-element elementor-element-997988d e-con-full e-flex e-con e-child\" data-id=\"997988d\" data-element_type=\"container\" data-e-type=\"container\">\n\t\t<div class=\"elementor-element elementor-element-39bf202 e-con-full e-flex e-con e-child\" data-id=\"39bf202\" data-element_type=\"container\" data-e-type=\"container\">\n\t\t\t\t<div class=\"elementor-element elementor-element-fcb77f2 elementor-widget elementor-widget-wd_infobox\" data-id=\"fcb77f2\" data-element_type=\"widget\" data-e-type=\"widget\" data-widget_type=\"wd_infobox.default\">\n\t\t\t\t<div class=\"elementor-widget-container\">\n\t\t\t\t\t\t\t<div class=\"info-box-wrapper\">\n\t\t\t<div class=\"wd-info-box text-left box-icon-align-top box-style-base color-scheme-\">\n\t\t\t\t\n\t\t\t\t<div class=\"info-box-content\">\n\t\t\t\t\t\n\t\t\t\t\t\t\t\t\t\t\t<h3\t\t\t\t\t\tclass=\"info-box-title title box-title-style-default wd-fontsize-xl\" data-elementor-setting-key=\"title\">\n\t\t\t\t\t\t\t\tApoyos econ\u00f3micos y becas\t\t\t\t\t\t<\/h3>\n\t\t\t\t\t\n\t\t\t\t\t<div class=\"info-box-inner reset-last-child\"data-elementor-setting-key=\"content\"><p class=\"p1\">Que facilitan el acceso a entrenamientos, competencias y oportunidades de crecimiento, con la finalidad de reducir barreras y ampliar horizontes para personas y colectivos en diferentes etapas de su trayectoria deportiva.<\/p>\n<\/div>\n\n\t\t\t\t\t\t\t\t\t<\/div>\n\n\t\t\t\t\t\t\t<\/div>\n\t\t<\/div>\n\t\t\t\t\t\t<\/div>\n\t\t\t\t<\/div>\n\t\t\t\t<\/div>\n\t\t<div class=\"elementor-element elementor-element-817f00b e-con-full e-flex e-con e-child\" data-id=\"817f00b\" data-element_type=\"container\" data-e-type=\"container\">\n\t\t\t\t<div class=\"elementor-element elementor-element-4ab42c6 elementor-widget elementor-widget-wd_infobox\" data-id=\"4ab42c6\" data-element_type=\"widget\" data-e-type=\"widget\" data-widget_type=\"wd_infobox.default\">\n\t\t\t\t<div class=\"elementor-widget-container\">\n\t\t\t\t\t\t\t<div class=\"info-box-wrapper\">\n\t\t\t<div class=\"wd-info-box text-left box-icon-align-top box-style-base color-scheme-\">\n\t\t\t\t\n\t\t\t\t<div class=\"info-box-content\">\n\t\t\t\t\t\n\t\t\t\t\t\t\t\t\t\t\t<h3\t\t\t\t\t\tclass=\"info-box-title title box-title-style-default wd-fontsize-xl\" data-elementor-setting-key=\"title\">\n\t\t\t\t\t\t\t\tCon un enfoque centrado en resultados sostenibles\t\t\t\t\t\t<\/h3>\n\t\t\t\t\t\n\t\t\t\t\t<div class=\"info-box-inner reset-last-child\"data-elementor-setting-key=\"content\"><p class=\"p1\">Y en la construcci\u00f3n de entornos deportivos respetuosos,<strong> seguros e inclusivos<\/strong>, en la Fundaci\u00f3n Tamara Vega trabajamos de manera constante para generar un impacto positivo en la vida de los atletas y en las estructuras que los rodean,<strong> promoviendo valores y pr\u00e1cticas que trascienden el \u00e1mbito competitivo y fortalecen el tejido social.<\/strong><\/p>\n<\/div>\n\n\t\t\t\t\t\t\t\t\t<\/div>\n\n\t\t\t\t\t\t\t<\/div>\n\t\t<\/div>\n\t\t\t\t\t\t<\/div>\n\t\t\t\t<\/div>\n\t\t\t\t<\/div>\n\t\t\t\t<\/div>\n\t\t\t\t<div class=\"elementor-element elementor-element-bf8a52b wd-width-100 elementor-widget elementor-widget-wd_title\" data-id=\"bf8a52b\" data-element_type=\"widget\" data-e-type=\"widget\" data-widget_type=\"wd_title.default\">\n\t\t\t\t<div class=\"elementor-widget-container\">\n\t\t\t\t\t\t\t<div class=\"title-wrapper wd-set-mb reset-last-child wd-title-color-default wd-title-style-default wd-title-size-default text-center\">\n\n\t\t\t\n\t\t\t<div class=\"liner-continer\">\n\t\t\t\t<h3 class=\"woodmart-title-container title wd-fontsize-l\">Preguntas Frecuentes<\/h3> \n\t\t\t\t\t\t\t<\/div>\n\n\t\t\t\t\t<\/div>\n\t\t\t\t\t\t<\/div>\n\t\t\t\t<\/div>\n\t\t<div class=\"elementor-element elementor-element-5f921c6 e-con-full e-flex e-con e-child\" data-id=\"5f921c6\" data-element_type=\"container\" data-e-type=\"container\">\n\t\t<div class=\"elementor-element elementor-element-b8fd889 e-con-full e-flex e-con e-child\" data-id=\"b8fd889\" data-element_type=\"container\" data-e-type=\"container\">\n\t\t\t\t<div class=\"elementor-element elementor-element-d5dfb77 elementor-widget elementor-widget-wd_accordion\" data-id=\"d5dfb77\" data-element_type=\"widget\" data-e-type=\"widget\" data-widget_type=\"wd_accordion.default\">\n\t\t\t\t<div class=\"elementor-widget-container\">\n\t\t\t\t\t\n\t\t<div class=\"wd-accordion wd-style-default wd-border-off wd-titles-left wd-opener-pos-right wd-opener-style-plus\" data-state=\"all_closed\">\n\t\t\t\t\t\t\t\n\t\t\t\t<div class=\"wd-accordion-item\">\n\t\t\t\t\t<div class=\"wd-accordion-title wd-role-btn\" data-accordion-index=\"0\" tabindex=\"0\">\n\t\t\t\t\t\t<div class=\"wd-accordion-title-text\">\n\t\t\t\t\t\t\t\t\t\t\t\t\t\t<span>\n\t\t\t\t\t\t\t\t\u00bfC\u00f3mo me acerco a la Fundaci\u00f3n Tamara Vega?\t\t\t\t\t\t\t<\/span>\n\t\t\t\t\t\t<\/div>\n\t\t\t\t\t\t<span class=\"wd-accordion-opener\"><\/span>\n\t\t\t\t\t<\/div>\n\n\t\t\t\t\t<div class=\"wd-accordion-content wd-entry-content\" data-accordion-index=\"0\">\n\t\t\t\t\t\t\t\t\t\t\t\t\t\n\t\t\t\t\t\t\t<p>Nos encantar\u00eda saber de ti! Puedes escribirnos directamente a <span style=\"text-decoration: underline;\"><strong>contacto@tamaravegaoly.com<\/strong><\/span> y nuestro equipo te responder\u00e1 lo antes posible.<br \/>Si tienes preguntas, quieres colaborar o simplemente conocer m\u00e1s sobre lo que hacemos, este es el mejor punto de contacto<\/p>\n\t\t\t\t\t\t\t\t\t\t\t\t\t\t\t\t\t\t<\/div>\n\t\t\t\t<\/div>\n\t\t\t\t\t\t\t\n\t\t\t\t<div class=\"wd-accordion-item\">\n\t\t\t\t\t<div class=\"wd-accordion-title wd-role-btn\" data-accordion-index=\"1\" tabindex=\"0\">\n\t\t\t\t\t\t<div class=\"wd-accordion-title-text\">\n\t\t\t\t\t\t\t\t\t\t\t\t\t\t<span>\n\t\t\t\t\t\t\t\t\u00bfFundaci\u00f3n y Asociaci\u00f3n deportiva son lo mismo?\t\t\t\t\t\t\t<\/span>\n\t\t\t\t\t\t<\/div>\n\t\t\t\t\t\t<span class=\"wd-accordion-opener\"><\/span>\n\t\t\t\t\t<\/div>\n\n\t\t\t\t\t<div class=\"wd-accordion-content wd-entry-content\" data-accordion-index=\"1\">\n\t\t\t\t\t\t\t\t\t\t\t\t\t\n\t\t\t\t\t\t\t<p>No exactamente. Aunque ambas pueden estar relacionadas con el deporte, tienen prop\u00f3sitos diferentes.<br \/>Una fundaci\u00f3n se enfoca en generar impacto social, apoyando causas como la educaci\u00f3n, la salud o el desarrollo a trav\u00e9s del deporte.<br \/>Una asociaci\u00f3n deportiva, en cambio, re\u00fane a personas para practicar, promover o competir en un deporte<\/p>\n\t\t\t\t\t\t\t\t\t\t\t\t\t\t\t\t\t\t<\/div>\n\t\t\t\t<\/div>\n\t\t\t\t\t\t\t\n\t\t\t\t<div class=\"wd-accordion-item\">\n\t\t\t\t\t<div class=\"wd-accordion-title wd-role-btn\" data-accordion-index=\"2\" tabindex=\"0\">\n\t\t\t\t\t\t<div class=\"wd-accordion-title-text\">\n\t\t\t\t\t\t\t\t\t\t\t\t\t\t<span>\n\t\t\t\t\t\t\t\t\u00bfC\u00f3mo obtener una beca por deporte en M\u00e9xico?\t\t\t\t\t\t\t<\/span>\n\t\t\t\t\t\t<\/div>\n\t\t\t\t\t\t<span class=\"wd-accordion-opener\"><\/span>\n\t\t\t\t\t<\/div>\n\n\t\t\t\t\t<div class=\"wd-accordion-content wd-entry-content\" data-accordion-index=\"2\">\n\t\t\t\t\t\t\t\t\t\t\t\t\t\n\t\t\t\t\t\t\t<p>Puedes obtener una beca deportiva si practicas un deporte de forma constante y participas en actividades o competencias.<br \/>Las becas suelen ofrecerse a trav\u00e9s de escuelas, universidades o instituciones deportivas. Tambi\u00e9n, cada estado cuenta con un instituto del deporte donde puedes informarte sobre apoyos y convocatorias.<br \/>Te recomendamos acercarte a estas instituciones, hablar con tus entrenadores y estar atento a nuevas oportunidades.<\/p>\n\t\t\t\t\t\t\t\t\t\t\t\t\t\t\t\t\t\t<\/div>\n\t\t\t\t<\/div>\n\t\t\t\t\t<\/div>\n\t\t\t\t\t\t<\/div>\n\t\t\t\t<\/div>\n\t\t\t\t<\/div>\n\t\t<div class=\"elementor-element elementor-element-ab7ca5d e-con-full e-flex e-con e-child\" data-id=\"ab7ca5d\" data-element_type=\"container\" data-e-type=\"container\">\n\t\t\t\t<div class=\"elementor-element elementor-element-c01440f elementor-widget elementor-widget-wd_accordion\" data-id=\"c01440f\" data-element_type=\"widget\" data-e-type=\"widget\" data-widget_type=\"wd_accordion.default\">\n\t\t\t\t<div class=\"elementor-widget-container\">\n\t\t\t\t\t\n\t\t<div class=\"wd-accordion wd-style-default wd-border-off wd-titles-left wd-opener-pos-right wd-opener-style-plus\" data-state=\"all_closed\">\n\t\t\t\t\t\t\t\n\t\t\t\t<div class=\"wd-accordion-item\">\n\t\t\t\t\t<div class=\"wd-accordion-title wd-role-btn\" data-accordion-index=\"0\" tabindex=\"0\">\n\t\t\t\t\t\t<div class=\"wd-accordion-title-text\">\n\t\t\t\t\t\t\t\t\t\t\t\t\t\t<span>\n\t\t\t\t\t\t\t\t\u00bfC\u00f3mo puedo identificar la violencia en mi entorno deportivo?\t\t\t\t\t\t\t<\/span>\n\t\t\t\t\t\t<\/div>\n\t\t\t\t\t\t<span class=\"wd-accordion-opener\"><\/span>\n\t\t\t\t\t<\/div>\n\n\t\t\t\t\t<div class=\"wd-accordion-content wd-entry-content\" data-accordion-index=\"0\">\n\t\t\t\t\t\t\t\t\t\t\t\t\t\n\t\t\t\t\t\t\t<p>La violencia en el deporte no siempre es evidente. Puede presentarse de forma f\u00edsica, verbal o emocional.<br \/>Algunas se\u00f1ales incluyen gritos constantes, insultos, humillaciones, presi\u00f3n excesiva, castigos injustos o cualquier situaci\u00f3n que te haga sentir inc\u00f3modo, inseguro o con miedo.<br \/>Si algo no se siente bien, es importante tomarlo en serio. Puedes hablar con alguien de confianza, como un familiar, entrenador o instituci\u00f3n, y buscar apoyo.<\/p>\n\t\t\t\t\t\t\t\t\t\t\t\t\t\t\t\t\t\t<\/div>\n\t\t\t\t<\/div>\n\t\t\t\t\t\t\t\n\t\t\t\t<div class=\"wd-accordion-item\">\n\t\t\t\t\t<div class=\"wd-accordion-title wd-role-btn\" data-accordion-index=\"1\" tabindex=\"0\">\n\t\t\t\t\t\t<div class=\"wd-accordion-title-text\">\n\t\t\t\t\t\t\t\t\t\t\t\t\t\t<span>\n\t\t\t\t\t\t\t\t\u00bfC\u00f3mo puedo empezar a practicar deporte en mi comunidad?\t\t\t\t\t\t\t<\/span>\n\t\t\t\t\t\t<\/div>\n\t\t\t\t\t\t<span class=\"wd-accordion-opener\"><\/span>\n\t\t\t\t\t<\/div>\n\n\t\t\t\t\t<div class=\"wd-accordion-content wd-entry-content\" data-accordion-index=\"1\">\n\t\t\t\t\t\t\t\t\t\t\t\t\t\n\t\t\t\t\t\t\t<p>Puedes comenzar acerc\u00e1ndote a espacios como parques, centros comunitarios, escuelas o unidades deportivas cercanas.<br \/>Muchas comunidades ofrecen actividades gratuitas o de bajo costo. Tambi\u00e9n puedes informarte en instituciones locales o con entrenadores sobre las opciones disponibles.<br \/>Lo m\u00e1s importante es dar el primer paso, probar diferentes actividades y encontrar la que m\u00e1s disfrutes.<\/p>\n\t\t\t\t\t\t\t\t\t\t\t\t\t\t\t\t\t\t<\/div>\n\t\t\t\t<\/div>\n\t\t\t\t\t\t\t\n\t\t\t\t<div class=\"wd-accordion-item\">\n\t\t\t\t\t<div class=\"wd-accordion-title wd-role-btn\" data-accordion-index=\"2\" tabindex=\"0\">\n\t\t\t\t\t\t<div class=\"wd-accordion-title-text\">\n\t\t\t\t\t\t\t\t\t\t\t\t\t\t<span>\n\t\t\t\t\t\t\t\t\u00bfSi tengo alguna discapacidad puedo hacer deporte?\t\t\t\t\t\t\t<\/span>\n\t\t\t\t\t\t<\/div>\n\t\t\t\t\t\t<span class=\"wd-accordion-opener\"><\/span>\n\t\t\t\t\t<\/div>\n\n\t\t\t\t\t<div class=\"wd-accordion-content wd-entry-content\" data-accordion-index=\"2\">\n\t\t\t\t\t\t\t\t\t\t\t\t\t\n\t\t\t\t\t\t\t<p>\u00a1S\u00ed! El deporte es para todas y todos. Existen actividades y espacios adaptados donde puedes participar de forma segura, y puedes acercarte a centros comunitarios o instituciones deportivas para conocer tus opciones. Lo m\u00e1s importante es encontrar una actividad que se adapte a ti y te haga sentir bien.<\/p>\n\t\t\t\t\t\t\t\t\t\t\t\t\t\t\t\t\t\t<\/div>\n\t\t\t\t<\/div>\n\t\t\t\t\t<\/div>\n\t\t\t\t\t\t<\/div>\n\t\t\t\t<\/div>\n\t\t\t\t<\/div>\n\t\t\t\t<\/div>\n\t\t\t\t\t<\/div>\n\t\t\t\t<\/div>\n\t\t<div class=\"elementor-element elementor-element-0e958e4 e-con-full e-flex elementor-invisible e-con e-parent\" data-id=\"0e958e4\" data-element_type=\"container\" data-e-type=\"container\" data-settings=\"{&quot;background_background&quot;:&quot;classic&quot;,&quot;animation&quot;:&quot;fadeInUp&quot;}\">\n\t\t<div class=\"elementor-element elementor-element-1d0c684 e-flex e-con-boxed e-con e-child\" data-id=\"1d0c684\" data-element_type=\"container\" data-e-type=\"container\" data-settings=\"{&quot;background_background&quot;:&quot;classic&quot;}\">\n\t\t\t\t\t<div class=\"e-con-inner\">\n\t\t\t\t<div class=\"elementor-element elementor-element-e992cfb color-scheme-inherit text-left elementor-invisible elementor-widget elementor-widget-text-editor\" data-id=\"e992cfb\" data-element_type=\"widget\" data-e-type=\"widget\" data-settings=\"{&quot;_animation&quot;:&quot;fadeIn&quot;,&quot;_animation_delay&quot;:400}\" data-widget_type=\"text-editor.default\">\n\t\t\t\t\t\t\t\t\t<p>Actividades y Talleres Gratuitos<\/p>\t\t\t\t\t\t\t\t<\/div>\n\t\t\t\t<div class=\"elementor-element elementor-element-bf242d9 elementor-widget elementor-widget-wd_button\" data-id=\"bf242d9\" data-element_type=\"widget\" data-e-type=\"widget\" data-widget_type=\"wd_button.default\">\n\t\t\t\t<div class=\"elementor-widget-container\">\n\t\t\t\t\t\t\t<div class=\"wd-button-wrapper text-left\" >\n\t\t\t<a class=\"btn btn-style-bordered btn-shape-round btn-size-default btn-icon-pos-right\"  href=\"https:\/\/tamaravega.mx\/en\/product\/cursos-gratuitos\/\">\n\t\t\t\t<span class=\"wd-btn-text\" data-elementor-setting-key=\"text\">\n\t\t\t\t\tIR A CURSOS GRATUITOS\t\t\t\t<\/span>\n\n\t\t\t\t\t\t\t<\/a>\n\t\t<\/div>\n\t\t\t\t\t\t<\/div>\n\t\t\t\t<\/div>\n\t\t\t\t\t<\/div>\n\t\t\t\t<\/div>\n\t\t\t\t<\/div>\n\t\t\t\t<\/div>","protected":false},"excerpt":{"rendered":"<p>Fundaci\u00f3n Tamara Vega La Fundaci\u00f3n Tamara Vega es una asociaci\u00f3n sin fines de lucro creada por y para atletas, con<\/p>","protected":false},"author":1,"featured_media":0,"parent":0,"menu_order":0,"comment_status":"closed","ping_status":"closed","template":"","meta":{"footnotes":""},"class_list":["post-15","page","type-page","status-publish","hentry"],"yoast_head":"<!-- This site is optimized with the Yoast SEO plugin v27.2 - https:\/\/yoast.com\/product\/yoast-seo-wordpress\/ -->\n<title>Fundaci\u00f3n Tamara Vega | Deporte y Desarrollo para J\u00f3venes Mexicanos<\/title>\n<meta name=\"description\" content=\"La Fundaci\u00f3n Tamara Vega impulsa el deporte y el desarrollo integral de j\u00f3venes en M\u00e9xico. Conoce nuestros programas, becas y c\u00f3mo puedes ser parte del cambio\" \/>\n<meta name=\"robots\" content=\"index, follow, max-snippet:-1, max-image-preview:large, max-video-preview:-1\" \/>\n<link rel=\"canonical\" href=\"https:\/\/tamaravega.mx\/en\/fundacion\/\" \/>\n<meta property=\"og:locale\" content=\"en_US\" \/>\n<meta property=\"og:type\" content=\"article\" \/>\n<meta property=\"og:title\" content=\"Fundaci\u00f3n Tamara Vega | Deporte y Desarrollo para J\u00f3venes Mexicanos\" \/>\n<meta property=\"og:description\" content=\"La Fundaci\u00f3n Tamara Vega impulsa el deporte y el desarrollo integral de j\u00f3venes en M\u00e9xico. Conoce nuestros programas, becas y c\u00f3mo puedes ser parte del cambio\" \/>\n<meta property=\"og:url\" content=\"https:\/\/tamaravega.mx\/en\/fundacion\/\" \/>\n<meta property=\"og:site_name\" content=\"TAM VEGA\" \/>\n<meta property=\"article:modified_time\" content=\"2026-03-29T10:54:33+00:00\" \/>\n<meta name=\"twitter:card\" content=\"summary_large_image\" \/>\n<meta name=\"twitter:label1\" content=\"Est. reading time\" \/>\n\t<meta name=\"twitter:data1\" content=\"3 minutes\" \/>\n<script type=\"application\/ld+json\" class=\"yoast-schema-graph\">{\"@context\":\"https:\/\/schema.org\",\"@graph\":[{\"@type\":\"WebPage\",\"@id\":\"https:\/\/tamaravega.mx\/fundacion\/\",\"url\":\"https:\/\/tamaravega.mx\/fundacion\/\",\"name\":\"Fundaci\u00f3n Tamara Vega | Deporte y Desarrollo para J\u00f3venes Mexicanos\",\"isPartOf\":{\"@id\":\"https:\/\/tamaravega.mx\/#website\"},\"datePublished\":\"2024-03-22T12:32:07+00:00\",\"dateModified\":\"2026-03-29T10:54:33+00:00\",\"description\":\"La Fundaci\u00f3n Tamara Vega impulsa el deporte y el desarrollo integral de j\u00f3venes en M\u00e9xico. Conoce nuestros programas, becas y c\u00f3mo puedes ser parte del cambio\",\"breadcrumb\":{\"@id\":\"https:\/\/tamaravega.mx\/fundacion\/#breadcrumb\"},\"inLanguage\":\"en-US\",\"potentialAction\":[{\"@type\":\"ReadAction\",\"target\":[\"https:\/\/tamaravega.mx\/fundacion\/\"]}]},{\"@type\":\"BreadcrumbList\",\"@id\":\"https:\/\/tamaravega.mx\/fundacion\/#breadcrumb\",\"itemListElement\":[{\"@type\":\"ListItem\",\"position\":1,\"name\":\"Home\",\"item\":\"https:\/\/tamaravega.mx\/\"},{\"@type\":\"ListItem\",\"position\":2,\"name\":\"Fundaci\u00f3n Tamara Vega\"}]},{\"@type\":\"WebSite\",\"@id\":\"https:\/\/tamaravega.mx\/#website\",\"url\":\"https:\/\/tamaravega.mx\/\",\"name\":\"TAM VEGA\",\"description\":\"\",\"publisher\":{\"@id\":\"https:\/\/tamaravega.mx\/#\/schema\/person\/86d8e04f5d357ffb83f89ddd2f521df9\"},\"potentialAction\":[{\"@type\":\"SearchAction\",\"target\":{\"@type\":\"EntryPoint\",\"urlTemplate\":\"https:\/\/tamaravega.mx\/?s={search_term_string}\"},\"query-input\":{\"@type\":\"PropertyValueSpecification\",\"valueRequired\":true,\"valueName\":\"search_term_string\"}}],\"inLanguage\":\"en-US\"},{\"@type\":[\"Person\",\"Organization\"],\"@id\":\"https:\/\/tamaravega.mx\/#\/schema\/person\/86d8e04f5d357ffb83f89ddd2f521df9\",\"name\":\"Tamara Vega\",\"image\":{\"@type\":\"ImageObject\",\"inLanguage\":\"en-US\",\"@id\":\"https:\/\/tamaravega.mx\/wp-content\/uploads\/2026\/03\/cropped-tam-vega-2.jpg\",\"url\":\"https:\/\/tamaravega.mx\/wp-content\/uploads\/2026\/03\/cropped-tam-vega-2.jpg\",\"contentUrl\":\"https:\/\/tamaravega.mx\/wp-content\/uploads\/2026\/03\/cropped-tam-vega-2.jpg\",\"width\":512,\"height\":512,\"caption\":\"Tamara Vega\"},\"logo\":{\"@id\":\"https:\/\/tamaravega.mx\/wp-content\/uploads\/2026\/03\/cropped-tam-vega-2.jpg\"},\"sameAs\":[\"https:\/\/tamaravega.mx\",\"https:\/\/www.instagram.com\/tam.vega\/\"]}]}<\/script>\n<!-- \/ Yoast SEO plugin. -->","yoast_head_json":{"title":"Fundaci\u00f3n Tamara Vega | Deporte y Desarrollo para J\u00f3venes Mexicanos","description":"La Fundaci\u00f3n Tamara Vega impulsa el deporte y el desarrollo integral de j\u00f3venes en M\u00e9xico. Conoce nuestros programas, becas y c\u00f3mo puedes ser parte del cambio","robots":{"index":"index","follow":"follow","max-snippet":"max-snippet:-1","max-image-preview":"max-image-preview:large","max-video-preview":"max-video-preview:-1"},"canonical":"https:\/\/tamaravega.mx\/en\/fundacion\/","og_locale":"en_US","og_type":"article","og_title":"Fundaci\u00f3n Tamara Vega | Deporte y Desarrollo para J\u00f3venes Mexicanos","og_description":"La Fundaci\u00f3n Tamara Vega impulsa el deporte y el desarrollo integral de j\u00f3venes en M\u00e9xico. Conoce nuestros programas, becas y c\u00f3mo puedes ser parte del cambio","og_url":"https:\/\/tamaravega.mx\/en\/fundacion\/","og_site_name":"TAM VEGA","article_modified_time":"2026-03-29T10:54:33+00:00","twitter_card":"summary_large_image","twitter_misc":{"Est. reading time":"3 minutes"},"schema":{"@context":"https:\/\/schema.org","@graph":[{"@type":"WebPage","@id":"https:\/\/tamaravega.mx\/fundacion\/","url":"https:\/\/tamaravega.mx\/fundacion\/","name":"Fundaci\u00f3n Tamara Vega | Deporte y Desarrollo para J\u00f3venes Mexicanos","isPartOf":{"@id":"https:\/\/tamaravega.mx\/#website"},"datePublished":"2024-03-22T12:32:07+00:00","dateModified":"2026-03-29T10:54:33+00:00","description":"La Fundaci\u00f3n Tamara Vega impulsa el deporte y el desarrollo integral de j\u00f3venes en M\u00e9xico. Conoce nuestros programas, becas y c\u00f3mo puedes ser parte del cambio","breadcrumb":{"@id":"https:\/\/tamaravega.mx\/fundacion\/#breadcrumb"},"inLanguage":"en-US","potentialAction":[{"@type":"ReadAction","target":["https:\/\/tamaravega.mx\/fundacion\/"]}]},{"@type":"BreadcrumbList","@id":"https:\/\/tamaravega.mx\/fundacion\/#breadcrumb","itemListElement":[{"@type":"ListItem","position":1,"name":"Home","item":"https:\/\/tamaravega.mx\/"},{"@type":"ListItem","position":2,"name":"Fundaci\u00f3n Tamara Vega"}]},{"@type":"WebSite","@id":"https:\/\/tamaravega.mx\/#website","url":"https:\/\/tamaravega.mx\/","name":"TAM VEGA","description":"","publisher":{"@id":"https:\/\/tamaravega.mx\/#\/schema\/person\/86d8e04f5d357ffb83f89ddd2f521df9"},"potentialAction":[{"@type":"SearchAction","target":{"@type":"EntryPoint","urlTemplate":"https:\/\/tamaravega.mx\/?s={search_term_string}"},"query-input":{"@type":"PropertyValueSpecification","valueRequired":true,"valueName":"search_term_string"}}],"inLanguage":"en-US"},{"@type":["Person","Organization"],"@id":"https:\/\/tamaravega.mx\/#\/schema\/person\/86d8e04f5d357ffb83f89ddd2f521df9","name":"Tamara Vega","image":{"@type":"ImageObject","inLanguage":"en-US","@id":"https:\/\/tamaravega.mx\/wp-content\/uploads\/2026\/03\/cropped-tam-vega-2.jpg","url":"https:\/\/tamaravega.mx\/wp-content\/uploads\/2026\/03\/cropped-tam-vega-2.jpg","contentUrl":"https:\/\/tamaravega.mx\/wp-content\/uploads\/2026\/03\/cropped-tam-vega-2.jpg","width":512,"height":512,"caption":"Tamara Vega"},"logo":{"@id":"https:\/\/tamaravega.mx\/wp-content\/uploads\/2026\/03\/cropped-tam-vega-2.jpg"},"sameAs":["https:\/\/tamaravega.mx","https:\/\/www.instagram.com\/tam.vega\/"]}]}},"_links":{"self":[{"href":"https:\/\/tamaravega.mx\/en\/wp-json\/wp\/v2\/pages\/15","targetHints":{"allow":["GET"]}}],"collection":[{"href":"https:\/\/tamaravega.mx\/en\/wp-json\/wp\/v2\/pages"}],"about":[{"href":"https:\/\/tamaravega.mx\/en\/wp-json\/wp\/v2\/types\/page"}],"author":[{"embeddable":true,"href":"https:\/\/tamaravega.mx\/en\/wp-json\/wp\/v2\/users\/1"}],"replies":[{"embeddable":true,"href":"https:\/\/tamaravega.mx\/en\/wp-json\/wp\/v2\/comments?post=15"}],"version-history":[{"count":32,"href":"https:\/\/tamaravega.mx\/en\/wp-json\/wp\/v2\/pages\/15\/revisions"}],"predecessor-version":[{"id":1490,"href":"https:\/\/tamaravega.mx\/en\/wp-json\/wp\/v2\/pages\/15\/revisions\/1490"}],"wp:attachment":[{"href":"https:\/\/tamaravega.mx\/en\/wp-json\/wp\/v2\/media?parent=15"}],"curies":[{"name":"wp","href":"https:\/\/api.w.org\/{rel}","templated":true}]}}