{"id":1399,"date":"2026-03-25T00:24:47","date_gmt":"2026-03-25T06:24:47","guid":{"rendered":"https:\/\/tamaravega.mx\/?post_type=product&#038;p=1399"},"modified":"2026-03-29T03:18:06","modified_gmt":"2026-03-29T09:18:06","slug":"deporte-seguro","status":"publish","type":"product","link":"https:\/\/tamaravega.mx\/en\/product\/deporte-seguro\/","title":{"rendered":"Deporte Seguro"},"content":{"rendered":"","protected":false},"excerpt":{"rendered":"<p>A lo largo de esta formaci\u00f3n adquirir\u00e1s herramientas pr\u00e1cticas para identificar situaciones de riesgo, aplicar protocolos b\u00e1sicos de acci\u00f3n y utilizar adecuadamente los canales de reporte disponibles.<br \/>\nNuestra meta es clara: promover entornos donde todas las personas puedan desarrollarse con confianza y bienestar dentro del deporte.<\/p>","protected":false},"featured_media":1406,"template":"","meta":[],"product_brand":[],"product_cat":[79],"product_tag":[],"class_list":{"0":"post-1399","1":"product","2":"type-product","3":"status-publish","4":"has-post-thumbnail","6":"product_cat-cursos","8":"first","9":"instock","10":"virtual","11":"purchasable","12":"product-type-simple"},"yoast_head":"<!-- This site is optimized with the Yoast SEO plugin v27.2 - https:\/\/yoast.com\/product\/yoast-seo-wordpress\/ -->\n<title>Deporte Seguro - TAM VEGA<\/title>\n<meta name=\"robots\" content=\"index, follow, max-snippet:-1, max-image-preview:large, max-video-preview:-1\" \/>\n<link rel=\"canonical\" href=\"https:\/\/tamaravega.mx\/en\/product\/deporte-seguro\/\" \/>\n<meta property=\"og:locale\" content=\"en_US\" \/>\n<meta property=\"og:type\" content=\"article\" \/>\n<meta property=\"og:title\" content=\"Deporte Seguro - TAM VEGA\" \/>\n<meta property=\"og:description\" content=\"A lo largo de esta formaci\u00f3n adquirir\u00e1s herramientas pr\u00e1cticas para identificar situaciones de riesgo, aplicar protocolos b\u00e1sicos de acci\u00f3n y utilizar adecuadamente los canales de reporte disponibles. Nuestra meta es clara: promover entornos donde todas las personas puedan desarrollarse con confianza y bienestar dentro del deporte.\" \/>\n<meta property=\"og:url\" content=\"https:\/\/tamaravega.mx\/en\/product\/deporte-seguro\/\" \/>\n<meta property=\"og:site_name\" content=\"TAM VEGA\" \/>\n<meta property=\"article:modified_time\" content=\"2026-03-29T09:18:06+00:00\" \/>\n<meta property=\"og:image\" content=\"https:\/\/tamaravega.mx\/wp-content\/uploads\/2026\/03\/DSC04630-1-1-e1774775741283.jpg\" \/>\n\t<meta property=\"og:image:width\" content=\"1026\" \/>\n\t<meta property=\"og:image:height\" content=\"846\" \/>\n\t<meta property=\"og:image:type\" content=\"image\/jpeg\" \/>\n<meta name=\"twitter:card\" content=\"summary_large_image\" \/>\n<script type=\"application\/ld+json\" class=\"yoast-schema-graph\">{\"@context\":\"https:\/\/schema.org\",\"@graph\":[{\"@type\":\"WebPage\",\"@id\":\"https:\/\/tamaravega.mx\/product\/deporte-seguro\/\",\"url\":\"https:\/\/tamaravega.mx\/product\/deporte-seguro\/\",\"name\":\"Deporte Seguro - TAM VEGA\",\"isPartOf\":{\"@id\":\"https:\/\/tamaravega.mx\/#website\"},\"primaryImageOfPage\":{\"@id\":\"https:\/\/tamaravega.mx\/product\/deporte-seguro\/#primaryimage\"},\"image\":{\"@id\":\"https:\/\/tamaravega.mx\/product\/deporte-seguro\/#primaryimage\"},\"thumbnailUrl\":\"https:\/\/tamaravega.mx\/wp-content\/uploads\/2026\/03\/DSC04630-1-1-e1774775741283.jpg\",\"datePublished\":\"2026-03-25T06:24:47+00:00\",\"dateModified\":\"2026-03-29T09:18:06+00:00\",\"breadcrumb\":{\"@id\":\"https:\/\/tamaravega.mx\/product\/deporte-seguro\/#breadcrumb\"},\"inLanguage\":\"en-US\",\"potentialAction\":[{\"@type\":\"ReadAction\",\"target\":[\"https:\/\/tamaravega.mx\/product\/deporte-seguro\/\"]}]},{\"@type\":\"ImageObject\",\"inLanguage\":\"en-US\",\"@id\":\"https:\/\/tamaravega.mx\/product\/deporte-seguro\/#primaryimage\",\"url\":\"https:\/\/tamaravega.mx\/wp-content\/uploads\/2026\/03\/DSC04630-1-1-e1774775741283.jpg\",\"contentUrl\":\"https:\/\/tamaravega.mx\/wp-content\/uploads\/2026\/03\/DSC04630-1-1-e1774775741283.jpg\",\"width\":1026,\"height\":846},{\"@type\":\"BreadcrumbList\",\"@id\":\"https:\/\/tamaravega.mx\/product\/deporte-seguro\/#breadcrumb\",\"itemListElement\":[{\"@type\":\"ListItem\",\"position\":1,\"name\":\"Home\",\"item\":\"https:\/\/tamaravega.mx\/\"},{\"@type\":\"ListItem\",\"position\":2,\"name\":\"Productos\",\"item\":\"https:\/\/tamaravega.mx\/shop\/\"},{\"@type\":\"ListItem\",\"position\":3,\"name\":\"Deporte Seguro\"}]},{\"@type\":\"WebSite\",\"@id\":\"https:\/\/tamaravega.mx\/#website\",\"url\":\"https:\/\/tamaravega.mx\/\",\"name\":\"TAM VEGA\",\"description\":\"\",\"publisher\":{\"@id\":\"https:\/\/tamaravega.mx\/#\/schema\/person\/86d8e04f5d357ffb83f89ddd2f521df9\"},\"potentialAction\":[{\"@type\":\"SearchAction\",\"target\":{\"@type\":\"EntryPoint\",\"urlTemplate\":\"https:\/\/tamaravega.mx\/?s={search_term_string}\"},\"query-input\":{\"@type\":\"PropertyValueSpecification\",\"valueRequired\":true,\"valueName\":\"search_term_string\"}}],\"inLanguage\":\"en-US\"},{\"@type\":[\"Person\",\"Organization\"],\"@id\":\"https:\/\/tamaravega.mx\/#\/schema\/person\/86d8e04f5d357ffb83f89ddd2f521df9\",\"name\":\"Tamara Vega\",\"image\":{\"@type\":\"ImageObject\",\"inLanguage\":\"en-US\",\"@id\":\"https:\/\/tamaravega.mx\/wp-content\/uploads\/2026\/03\/cropped-tam-vega-2.jpg\",\"url\":\"https:\/\/tamaravega.mx\/wp-content\/uploads\/2026\/03\/cropped-tam-vega-2.jpg\",\"contentUrl\":\"https:\/\/tamaravega.mx\/wp-content\/uploads\/2026\/03\/cropped-tam-vega-2.jpg\",\"width\":512,\"height\":512,\"caption\":\"Tamara Vega\"},\"logo\":{\"@id\":\"https:\/\/tamaravega.mx\/wp-content\/uploads\/2026\/03\/cropped-tam-vega-2.jpg\"},\"sameAs\":[\"https:\/\/tamaravega.mx\",\"https:\/\/www.instagram.com\/tam.vega\/\"]}]}<\/script>\n<!-- \/ Yoast SEO plugin. -->","yoast_head_json":{"title":"Deporte Seguro - TAM VEGA","robots":{"index":"index","follow":"follow","max-snippet":"max-snippet:-1","max-image-preview":"max-image-preview:large","max-video-preview":"max-video-preview:-1"},"canonical":"https:\/\/tamaravega.mx\/en\/product\/deporte-seguro\/","og_locale":"en_US","og_type":"article","og_title":"Deporte Seguro - TAM VEGA","og_description":"A lo largo de esta formaci\u00f3n adquirir\u00e1s herramientas pr\u00e1cticas para identificar situaciones de riesgo, aplicar protocolos b\u00e1sicos de acci\u00f3n y utilizar adecuadamente los canales de reporte disponibles. Nuestra meta es clara: promover entornos donde todas las personas puedan desarrollarse con confianza y bienestar dentro del deporte.","og_url":"https:\/\/tamaravega.mx\/en\/product\/deporte-seguro\/","og_site_name":"TAM VEGA","article_modified_time":"2026-03-29T09:18:06+00:00","og_image":[{"width":1026,"height":846,"url":"https:\/\/tamaravega.mx\/wp-content\/uploads\/2026\/03\/DSC04630-1-1-e1774775741283.jpg","type":"image\/jpeg"}],"twitter_card":"summary_large_image","schema":{"@context":"https:\/\/schema.org","@graph":[{"@type":"WebPage","@id":"https:\/\/tamaravega.mx\/product\/deporte-seguro\/","url":"https:\/\/tamaravega.mx\/product\/deporte-seguro\/","name":"Deporte Seguro - TAM VEGA","isPartOf":{"@id":"https:\/\/tamaravega.mx\/#website"},"primaryImageOfPage":{"@id":"https:\/\/tamaravega.mx\/product\/deporte-seguro\/#primaryimage"},"image":{"@id":"https:\/\/tamaravega.mx\/product\/deporte-seguro\/#primaryimage"},"thumbnailUrl":"https:\/\/tamaravega.mx\/wp-content\/uploads\/2026\/03\/DSC04630-1-1-e1774775741283.jpg","datePublished":"2026-03-25T06:24:47+00:00","dateModified":"2026-03-29T09:18:06+00:00","breadcrumb":{"@id":"https:\/\/tamaravega.mx\/product\/deporte-seguro\/#breadcrumb"},"inLanguage":"en-US","potentialAction":[{"@type":"ReadAction","target":["https:\/\/tamaravega.mx\/product\/deporte-seguro\/"]}]},{"@type":"ImageObject","inLanguage":"en-US","@id":"https:\/\/tamaravega.mx\/product\/deporte-seguro\/#primaryimage","url":"https:\/\/tamaravega.mx\/wp-content\/uploads\/2026\/03\/DSC04630-1-1-e1774775741283.jpg","contentUrl":"https:\/\/tamaravega.mx\/wp-content\/uploads\/2026\/03\/DSC04630-1-1-e1774775741283.jpg","width":1026,"height":846},{"@type":"BreadcrumbList","@id":"https:\/\/tamaravega.mx\/product\/deporte-seguro\/#breadcrumb","itemListElement":[{"@type":"ListItem","position":1,"name":"Home","item":"https:\/\/tamaravega.mx\/"},{"@type":"ListItem","position":2,"name":"Productos","item":"https:\/\/tamaravega.mx\/shop\/"},{"@type":"ListItem","position":3,"name":"Deporte Seguro"}]},{"@type":"WebSite","@id":"https:\/\/tamaravega.mx\/#website","url":"https:\/\/tamaravega.mx\/","name":"TAM VEGA","description":"","publisher":{"@id":"https:\/\/tamaravega.mx\/#\/schema\/person\/86d8e04f5d357ffb83f89ddd2f521df9"},"potentialAction":[{"@type":"SearchAction","target":{"@type":"EntryPoint","urlTemplate":"https:\/\/tamaravega.mx\/?s={search_term_string}"},"query-input":{"@type":"PropertyValueSpecification","valueRequired":true,"valueName":"search_term_string"}}],"inLanguage":"en-US"},{"@type":["Person","Organization"],"@id":"https:\/\/tamaravega.mx\/#\/schema\/person\/86d8e04f5d357ffb83f89ddd2f521df9","name":"Tamara Vega","image":{"@type":"ImageObject","inLanguage":"en-US","@id":"https:\/\/tamaravega.mx\/wp-content\/uploads\/2026\/03\/cropped-tam-vega-2.jpg","url":"https:\/\/tamaravega.mx\/wp-content\/uploads\/2026\/03\/cropped-tam-vega-2.jpg","contentUrl":"https:\/\/tamaravega.mx\/wp-content\/uploads\/2026\/03\/cropped-tam-vega-2.jpg","width":512,"height":512,"caption":"Tamara Vega"},"logo":{"@id":"https:\/\/tamaravega.mx\/wp-content\/uploads\/2026\/03\/cropped-tam-vega-2.jpg"},"sameAs":["https:\/\/tamaravega.mx","https:\/\/www.instagram.com\/tam.vega\/"]}]}},"_links":{"self":[{"href":"https:\/\/tamaravega.mx\/en\/wp-json\/wp\/v2\/product\/1399","targetHints":{"allow":["GET"]}}],"collection":[{"href":"https:\/\/tamaravega.mx\/en\/wp-json\/wp\/v2\/product"}],"about":[{"href":"https:\/\/tamaravega.mx\/en\/wp-json\/wp\/v2\/types\/product"}],"version-history":[{"count":3,"href":"https:\/\/tamaravega.mx\/en\/wp-json\/wp\/v2\/product\/1399\/revisions"}],"predecessor-version":[{"id":1410,"href":"https:\/\/tamaravega.mx\/en\/wp-json\/wp\/v2\/product\/1399\/revisions\/1410"}],"wp:featuredmedia":[{"embeddable":true,"href":"https:\/\/tamaravega.mx\/en\/wp-json\/wp\/v2\/media\/1406"}],"wp:attachment":[{"href":"https:\/\/tamaravega.mx\/en\/wp-json\/wp\/v2\/media?parent=1399"}],"wp:term":[{"taxonomy":"product_brand","embeddable":true,"href":"https:\/\/tamaravega.mx\/en\/wp-json\/wp\/v2\/product_brand?post=1399"},{"taxonomy":"product_cat","embeddable":true,"href":"https:\/\/tamaravega.mx\/en\/wp-json\/wp\/v2\/product_cat?post=1399"},{"taxonomy":"product_tag","embeddable":true,"href":"https:\/\/tamaravega.mx\/en\/wp-json\/wp\/v2\/product_tag?post=1399"}],"curies":[{"name":"wp","href":"https:\/\/api.w.org\/{rel}","templated":true}]}}