{"id":1442,"date":"2026-03-25T02:02:13","date_gmt":"2026-03-25T08:02:13","guid":{"rendered":"https:\/\/tamaravega.mx\/?post_type=product&#038;p=1442"},"modified":"2026-03-29T04:38:19","modified_gmt":"2026-03-29T10:38:19","slug":"apoyo-familiar-en-el-deporte","status":"publish","type":"product","link":"https:\/\/tamaravega.mx\/en\/product\/apoyo-familiar-en-el-deporte\/","title":{"rendered":"Apoyo familiar en el deporte"},"content":{"rendered":"","protected":false},"excerpt":{"rendered":"<p>La participaci\u00f3n de la familia es fundamental para construir un Deporte Seguro. Su presencia, acompa\u00f1amiento y ejemplo influyen directamente<br \/>\nen el bienestar emocional, la confianza y el desarrollo integral de las y los atletas.<\/p>\n<p>En este curso encontrar\u00e1s herramientas pr\u00e1cticas para fortalecer la comunicaci\u00f3n, comprender a mayor profundidad las experiencias que ellos viven y acompa\u00f1arlos de manera m\u00e1s consciente, positiva y responsable en su proceso deportivo.<\/p>","protected":false},"featured_media":1443,"template":"","meta":[],"product_brand":[],"product_cat":[79],"product_tag":[],"class_list":{"0":"post-1442","1":"product","2":"type-product","3":"status-publish","4":"has-post-thumbnail","6":"product_cat-cursos","8":"first","9":"instock","10":"virtual","11":"purchasable","12":"product-type-simple"},"yoast_head":"<!-- This site is optimized with the Yoast SEO plugin v27.2 - https:\/\/yoast.com\/product\/yoast-seo-wordpress\/ -->\n<title>Apoyo familiar en el deporte - TAM VEGA<\/title>\n<meta name=\"robots\" content=\"index, follow, max-snippet:-1, max-image-preview:large, max-video-preview:-1\" \/>\n<link rel=\"canonical\" href=\"https:\/\/tamaravega.mx\/en\/product\/apoyo-familiar-en-el-deporte\/\" \/>\n<meta property=\"og:locale\" content=\"en_US\" \/>\n<meta property=\"og:type\" content=\"article\" \/>\n<meta property=\"og:title\" content=\"Apoyo familiar en el deporte - TAM VEGA\" \/>\n<meta property=\"og:description\" content=\"La participaci\u00f3n de la familia es fundamental para construir un Deporte Seguro. Su presencia, acompa\u00f1amiento y ejemplo influyen directamente en el bienestar emocional, la confianza y el desarrollo integral de las y los atletas.  En este curso encontrar\u00e1s herramientas pr\u00e1cticas para fortalecer la comunicaci\u00f3n, comprender a mayor profundidad las experiencias que ellos viven y acompa\u00f1arlos de manera m\u00e1s consciente, positiva y responsable en su proceso deportivo.\" \/>\n<meta property=\"og:url\" content=\"https:\/\/tamaravega.mx\/en\/product\/apoyo-familiar-en-el-deporte\/\" \/>\n<meta property=\"og:site_name\" content=\"TAM VEGA\" \/>\n<meta property=\"article:modified_time\" content=\"2026-03-29T10:38:19+00:00\" \/>\n<meta property=\"og:image\" content=\"https:\/\/tamaravega.mx\/wp-content\/uploads\/2026\/03\/IMG_0480.jpg\" \/>\n\t<meta property=\"og:image:width\" content=\"1284\" \/>\n\t<meta property=\"og:image:height\" content=\"856\" \/>\n\t<meta property=\"og:image:type\" content=\"image\/jpeg\" \/>\n<meta name=\"twitter:card\" content=\"summary_large_image\" \/>\n<meta name=\"twitter:label1\" content=\"Est. reading time\" \/>\n\t<meta name=\"twitter:data1\" content=\"1 minute\" \/>\n<script type=\"application\/ld+json\" class=\"yoast-schema-graph\">{\"@context\":\"https:\/\/schema.org\",\"@graph\":[{\"@type\":\"WebPage\",\"@id\":\"https:\/\/tamaravega.mx\/product\/apoyo-familiar-en-el-deporte\/\",\"url\":\"https:\/\/tamaravega.mx\/product\/apoyo-familiar-en-el-deporte\/\",\"name\":\"Apoyo familiar en el deporte - TAM VEGA\",\"isPartOf\":{\"@id\":\"https:\/\/tamaravega.mx\/#website\"},\"primaryImageOfPage\":{\"@id\":\"https:\/\/tamaravega.mx\/product\/apoyo-familiar-en-el-deporte\/#primaryimage\"},\"image\":{\"@id\":\"https:\/\/tamaravega.mx\/product\/apoyo-familiar-en-el-deporte\/#primaryimage\"},\"thumbnailUrl\":\"https:\/\/tamaravega.mx\/wp-content\/uploads\/2026\/03\/IMG_0480.jpg\",\"datePublished\":\"2026-03-25T08:02:13+00:00\",\"dateModified\":\"2026-03-29T10:38:19+00:00\",\"breadcrumb\":{\"@id\":\"https:\/\/tamaravega.mx\/product\/apoyo-familiar-en-el-deporte\/#breadcrumb\"},\"inLanguage\":\"en-US\",\"potentialAction\":[{\"@type\":\"ReadAction\",\"target\":[\"https:\/\/tamaravega.mx\/product\/apoyo-familiar-en-el-deporte\/\"]}]},{\"@type\":\"ImageObject\",\"inLanguage\":\"en-US\",\"@id\":\"https:\/\/tamaravega.mx\/product\/apoyo-familiar-en-el-deporte\/#primaryimage\",\"url\":\"https:\/\/tamaravega.mx\/wp-content\/uploads\/2026\/03\/IMG_0480.jpg\",\"contentUrl\":\"https:\/\/tamaravega.mx\/wp-content\/uploads\/2026\/03\/IMG_0480.jpg\",\"width\":1284,\"height\":856},{\"@type\":\"BreadcrumbList\",\"@id\":\"https:\/\/tamaravega.mx\/product\/apoyo-familiar-en-el-deporte\/#breadcrumb\",\"itemListElement\":[{\"@type\":\"ListItem\",\"position\":1,\"name\":\"Home\",\"item\":\"https:\/\/tamaravega.mx\/\"},{\"@type\":\"ListItem\",\"position\":2,\"name\":\"Productos\",\"item\":\"https:\/\/tamaravega.mx\/shop\/\"},{\"@type\":\"ListItem\",\"position\":3,\"name\":\"Apoyo familiar en el deporte\"}]},{\"@type\":\"WebSite\",\"@id\":\"https:\/\/tamaravega.mx\/#website\",\"url\":\"https:\/\/tamaravega.mx\/\",\"name\":\"TAM VEGA\",\"description\":\"\",\"publisher\":{\"@id\":\"https:\/\/tamaravega.mx\/#\/schema\/person\/86d8e04f5d357ffb83f89ddd2f521df9\"},\"potentialAction\":[{\"@type\":\"SearchAction\",\"target\":{\"@type\":\"EntryPoint\",\"urlTemplate\":\"https:\/\/tamaravega.mx\/?s={search_term_string}\"},\"query-input\":{\"@type\":\"PropertyValueSpecification\",\"valueRequired\":true,\"valueName\":\"search_term_string\"}}],\"inLanguage\":\"en-US\"},{\"@type\":[\"Person\",\"Organization\"],\"@id\":\"https:\/\/tamaravega.mx\/#\/schema\/person\/86d8e04f5d357ffb83f89ddd2f521df9\",\"name\":\"Tamara Vega\",\"image\":{\"@type\":\"ImageObject\",\"inLanguage\":\"en-US\",\"@id\":\"https:\/\/tamaravega.mx\/wp-content\/uploads\/2026\/03\/cropped-tam-vega-2.jpg\",\"url\":\"https:\/\/tamaravega.mx\/wp-content\/uploads\/2026\/03\/cropped-tam-vega-2.jpg\",\"contentUrl\":\"https:\/\/tamaravega.mx\/wp-content\/uploads\/2026\/03\/cropped-tam-vega-2.jpg\",\"width\":512,\"height\":512,\"caption\":\"Tamara Vega\"},\"logo\":{\"@id\":\"https:\/\/tamaravega.mx\/wp-content\/uploads\/2026\/03\/cropped-tam-vega-2.jpg\"},\"sameAs\":[\"https:\/\/tamaravega.mx\",\"https:\/\/www.instagram.com\/tam.vega\/\"]}]}<\/script>\n<!-- \/ Yoast SEO plugin. -->","yoast_head_json":{"title":"Apoyo familiar en el deporte - TAM VEGA","robots":{"index":"index","follow":"follow","max-snippet":"max-snippet:-1","max-image-preview":"max-image-preview:large","max-video-preview":"max-video-preview:-1"},"canonical":"https:\/\/tamaravega.mx\/en\/product\/apoyo-familiar-en-el-deporte\/","og_locale":"en_US","og_type":"article","og_title":"Apoyo familiar en el deporte - TAM VEGA","og_description":"La participaci\u00f3n de la familia es fundamental para construir un Deporte Seguro. Su presencia, acompa\u00f1amiento y ejemplo influyen directamente en el bienestar emocional, la confianza y el desarrollo integral de las y los atletas.  En este curso encontrar\u00e1s herramientas pr\u00e1cticas para fortalecer la comunicaci\u00f3n, comprender a mayor profundidad las experiencias que ellos viven y acompa\u00f1arlos de manera m\u00e1s consciente, positiva y responsable en su proceso deportivo.","og_url":"https:\/\/tamaravega.mx\/en\/product\/apoyo-familiar-en-el-deporte\/","og_site_name":"TAM VEGA","article_modified_time":"2026-03-29T10:38:19+00:00","og_image":[{"width":1284,"height":856,"url":"https:\/\/tamaravega.mx\/wp-content\/uploads\/2026\/03\/IMG_0480.jpg","type":"image\/jpeg"}],"twitter_card":"summary_large_image","twitter_misc":{"Est. reading time":"1 minute"},"schema":{"@context":"https:\/\/schema.org","@graph":[{"@type":"WebPage","@id":"https:\/\/tamaravega.mx\/product\/apoyo-familiar-en-el-deporte\/","url":"https:\/\/tamaravega.mx\/product\/apoyo-familiar-en-el-deporte\/","name":"Apoyo familiar en el deporte - TAM VEGA","isPartOf":{"@id":"https:\/\/tamaravega.mx\/#website"},"primaryImageOfPage":{"@id":"https:\/\/tamaravega.mx\/product\/apoyo-familiar-en-el-deporte\/#primaryimage"},"image":{"@id":"https:\/\/tamaravega.mx\/product\/apoyo-familiar-en-el-deporte\/#primaryimage"},"thumbnailUrl":"https:\/\/tamaravega.mx\/wp-content\/uploads\/2026\/03\/IMG_0480.jpg","datePublished":"2026-03-25T08:02:13+00:00","dateModified":"2026-03-29T10:38:19+00:00","breadcrumb":{"@id":"https:\/\/tamaravega.mx\/product\/apoyo-familiar-en-el-deporte\/#breadcrumb"},"inLanguage":"en-US","potentialAction":[{"@type":"ReadAction","target":["https:\/\/tamaravega.mx\/product\/apoyo-familiar-en-el-deporte\/"]}]},{"@type":"ImageObject","inLanguage":"en-US","@id":"https:\/\/tamaravega.mx\/product\/apoyo-familiar-en-el-deporte\/#primaryimage","url":"https:\/\/tamaravega.mx\/wp-content\/uploads\/2026\/03\/IMG_0480.jpg","contentUrl":"https:\/\/tamaravega.mx\/wp-content\/uploads\/2026\/03\/IMG_0480.jpg","width":1284,"height":856},{"@type":"BreadcrumbList","@id":"https:\/\/tamaravega.mx\/product\/apoyo-familiar-en-el-deporte\/#breadcrumb","itemListElement":[{"@type":"ListItem","position":1,"name":"Home","item":"https:\/\/tamaravega.mx\/"},{"@type":"ListItem","position":2,"name":"Productos","item":"https:\/\/tamaravega.mx\/shop\/"},{"@type":"ListItem","position":3,"name":"Apoyo familiar en el deporte"}]},{"@type":"WebSite","@id":"https:\/\/tamaravega.mx\/#website","url":"https:\/\/tamaravega.mx\/","name":"TAM VEGA","description":"","publisher":{"@id":"https:\/\/tamaravega.mx\/#\/schema\/person\/86d8e04f5d357ffb83f89ddd2f521df9"},"potentialAction":[{"@type":"SearchAction","target":{"@type":"EntryPoint","urlTemplate":"https:\/\/tamaravega.mx\/?s={search_term_string}"},"query-input":{"@type":"PropertyValueSpecification","valueRequired":true,"valueName":"search_term_string"}}],"inLanguage":"en-US"},{"@type":["Person","Organization"],"@id":"https:\/\/tamaravega.mx\/#\/schema\/person\/86d8e04f5d357ffb83f89ddd2f521df9","name":"Tamara Vega","image":{"@type":"ImageObject","inLanguage":"en-US","@id":"https:\/\/tamaravega.mx\/wp-content\/uploads\/2026\/03\/cropped-tam-vega-2.jpg","url":"https:\/\/tamaravega.mx\/wp-content\/uploads\/2026\/03\/cropped-tam-vega-2.jpg","contentUrl":"https:\/\/tamaravega.mx\/wp-content\/uploads\/2026\/03\/cropped-tam-vega-2.jpg","width":512,"height":512,"caption":"Tamara Vega"},"logo":{"@id":"https:\/\/tamaravega.mx\/wp-content\/uploads\/2026\/03\/cropped-tam-vega-2.jpg"},"sameAs":["https:\/\/tamaravega.mx","https:\/\/www.instagram.com\/tam.vega\/"]}]}},"_links":{"self":[{"href":"https:\/\/tamaravega.mx\/en\/wp-json\/wp\/v2\/product\/1442","targetHints":{"allow":["GET"]}}],"collection":[{"href":"https:\/\/tamaravega.mx\/en\/wp-json\/wp\/v2\/product"}],"about":[{"href":"https:\/\/tamaravega.mx\/en\/wp-json\/wp\/v2\/types\/product"}],"version-history":[{"count":2,"href":"https:\/\/tamaravega.mx\/en\/wp-json\/wp\/v2\/product\/1442\/revisions"}],"predecessor-version":[{"id":1527,"href":"https:\/\/tamaravega.mx\/en\/wp-json\/wp\/v2\/product\/1442\/revisions\/1527"}],"wp:featuredmedia":[{"embeddable":true,"href":"https:\/\/tamaravega.mx\/en\/wp-json\/wp\/v2\/media\/1443"}],"wp:attachment":[{"href":"https:\/\/tamaravega.mx\/en\/wp-json\/wp\/v2\/media?parent=1442"}],"wp:term":[{"taxonomy":"product_brand","embeddable":true,"href":"https:\/\/tamaravega.mx\/en\/wp-json\/wp\/v2\/product_brand?post=1442"},{"taxonomy":"product_cat","embeddable":true,"href":"https:\/\/tamaravega.mx\/en\/wp-json\/wp\/v2\/product_cat?post=1442"},{"taxonomy":"product_tag","embeddable":true,"href":"https:\/\/tamaravega.mx\/en\/wp-json\/wp\/v2\/product_tag?post=1442"}],"curies":[{"name":"wp","href":"https:\/\/api.w.org\/{rel}","templated":true}]}}